{"id":132,"date":"2021-02-01T07:53:34","date_gmt":"2021-02-01T07:53:34","guid":{"rendered":"http:\/\/inprocon.az\/?page_id=132"},"modified":"2023-03-13T14:52:18","modified_gmt":"2023-03-13T10:52:18","slug":"%c9%99laq%c9%99","status":"publish","type":"page","link":"https:\/\/inprocon.az\/?page_id=132","title":{"rendered":"\u018flaq\u0259"},"content":{"rendered":"\t\t<div data-elementor-type=\"wp-page\" data-elementor-id=\"132\" class=\"elementor elementor-132\">\n\t\t\t\t\t\t\t\t\t<section class=\"elementor-section elementor-top-section elementor-element elementor-element-871252f elementor-section-full_width elementor-section-height-default elementor-section-height-default\" data-id=\"871252f\" data-element_type=\"section\">\n\t\t\t\t\t\t<div class=\"elementor-container elementor-column-gap-default\">\n\t\t\t\t\t<div class=\"elementor-column elementor-col-33 elementor-top-column elementor-element elementor-element-6ba1caa\" data-id=\"6ba1caa\" data-element_type=\"column\">\n\t\t\t<div class=\"elementor-widget-wrap elementor-element-populated\">\n\t\t\t\t\t\t\t\t<div class=\"elementor-element elementor-element-5e03c26 elementor-widget elementor-widget-text-editor\" data-id=\"5e03c26\" data-element_type=\"widget\" data-widget_type=\"text-editor.default\">\n\t\t\t\t<div class=\"elementor-widget-container\">\n\t\t\t\t\t\t\t<p>\u00a0<\/p><p><strong>Bak\u0131 k\u00fc\u00e7\u0259si, 40-c\u0131 m\u0259h\u0259ll\u0259, bina 193\/4, AZ5006, Sumqay\u0131t, Az\u0259rbaycan<\/strong><\/p><p><b>Tel\/Tel:<\/b> <a href=\"tel:+994%2018%20656%2070%2087\">+994 18\u00a0656 70 87<\/a><\/p><p><b>Faks\/Fax:<\/b> <a href=\"tel:+994%2018%20656%2070%2087\">+994 18\u00a0656 70 87<\/a><\/p><p><b>Mobil\/Mobile:<\/b> <a href=\"tel:+994%2050%20368%2068%2086\">+994 50\u00a0224 40 91<\/a><\/p><p><b>E-mail:<\/b> <a href=\"mailto:office@inprocon.az\">office@inprocon.az<\/a><\/p>\t\t\t\t\t\t<\/div>\n\t\t\t\t<\/div>\n\t\t\t\t\t<\/div>\n\t\t<\/div>\n\t\t\t\t<div class=\"elementor-column elementor-col-66 elementor-top-column elementor-element elementor-element-93233ef\" data-id=\"93233ef\" data-element_type=\"column\">\n\t\t\t<div class=\"elementor-widget-wrap elementor-element-populated\">\n\t\t\t\t\t\t\t\t<div class=\"elementor-element elementor-element-bd4dd28 elementor-widget elementor-widget-google_maps\" data-id=\"bd4dd28\" data-element_type=\"widget\" data-widget_type=\"google_maps.default\">\n\t\t\t\t<div class=\"elementor-widget-container\">\n\t\t\t\t\t<div class=\"elementor-custom-embed\">\n\t\t\t<iframe loading=\"lazy\"\n\t\t\t\t\tsrc=\"https:\/\/maps.google.com\/maps?q=40.580913%2C49.671281&#038;t=m&#038;z=10&#038;output=embed&#038;iwloc=near\"\n\t\t\t\t\ttitle=\"40.580913,49.671281\"\n\t\t\t\t\taria-label=\"40.580913,49.671281\"\n\t\t\t><\/iframe>\n\t\t<\/div>\n\t\t\t\t<\/div>\n\t\t\t\t<\/div>\n\t\t\t\t\t<\/div>\n\t\t<\/div>\n\t\t\t\t\t\t\t<\/div>\n\t\t<\/section>\n\t\t\t\t\t\t\t<\/div>\n\t\t","protected":false},"excerpt":{"rendered":"<p>\u018flaq\u0259 Address Bak\u0131 k\u00fc\u00e7\u0259si, 40-c\u0131 m\u0259h\u0259ll\u0259, bina 193\/4, AZ5006, Sumqay\u0131t, Az\u0259rbaycan Email office@inprocon.az<\/p>\n","protected":false},"author":1,"featured_media":0,"parent":0,"menu_order":0,"comment_status":"closed","ping_status":"closed","template":"elementor_theme","meta":[],"_links":{"self":[{"href":"https:\/\/inprocon.az\/index.php?rest_route=\/wp\/v2\/pages\/132"}],"collection":[{"href":"https:\/\/inprocon.az\/index.php?rest_route=\/wp\/v2\/pages"}],"about":[{"href":"https:\/\/inprocon.az\/index.php?rest_route=\/wp\/v2\/types\/page"}],"author":[{"embeddable":true,"href":"https:\/\/inprocon.az\/index.php?rest_route=\/wp\/v2\/users\/1"}],"replies":[{"embeddable":true,"href":"https:\/\/inprocon.az\/index.php?rest_route=%2Fwp%2Fv2%2Fcomments&post=132"}],"version-history":[{"count":0,"href":"https:\/\/inprocon.az\/index.php?rest_route=\/wp\/v2\/pages\/132\/revisions"}],"wp:attachment":[{"href":"https:\/\/inprocon.az\/index.php?rest_route=%2Fwp%2Fv2%2Fmedia&parent=132"}],"curies":[{"name":"wp","href":"https:\/\/api.w.org\/{rel}","templated":true}]}}